{"id":89,"date":"2017-10-01T19:13:43","date_gmt":"2017-10-01T17:13:43","guid":{"rendered":"http:\/\/lechantdespierres.be\/?page_id=89"},"modified":"2018-04-15T13:53:39","modified_gmt":"2018-04-15T11:53:39","slug":"accueil","status":"publish","type":"page","link":"https:\/\/lechantdespierres.be\/","title":{"rendered":"Accueil"},"content":{"rendered":"<h2 style=\"text-align: center;\"><strong><span style=\"color: #333333;\">Bienvenue au g\u00eete <\/span><\/strong>\u00ab\u00a0<strong><span style=\"color: #333333;\">Le Chant des Pierres\u00a0<\/span><\/strong>\u00bb\u00a0<strong><span style=\"color: #333333;\">\u00e0 Haltinne (Gesves)<\/span><\/strong><\/h2>\n<p style=\"text-align: center;\">C\u2019est en plein c\u0153ur du Condroz que se situe notre G\u00eete de Charme, destin\u00e9 \u00e0 accueillir les groupes familiaux jusqu\u2019\u00e0\u00a018 personnes. Compl\u00e8tement restaur\u00e9e fin 2017, cette ravissante maison en pierres du pays a gard\u00e9 toute son authenticit\u00e9 en respectant la beaut\u00e9 de son environnement et de\u00a0son paysage exceptionnel. Vous y trouverez tout le charme, confort et d\u00e9tente qui vous permettront de passer un s\u00e9jour inoubliable au milieu de la nature et au bout d\u2019un chemin sans issue.<\/p>\n<p><img decoding=\"async\" loading=\"lazy\" class=\"alignnone wp-image-274 size-full\" title=\"G\u00eete Gesves\" src=\"http:\/\/lechantdespierres.be\/wp-content\/uploads\/2017\/10\/IMG_4995.jpg\" alt=\"G\u00eete Gesves\" width=\"4752\" height=\"3168\" srcset=\"https:\/\/lechantdespierres.be\/wp-content\/uploads\/2017\/10\/IMG_4995.jpg 4752w, https:\/\/lechantdespierres.be\/wp-content\/uploads\/2017\/10\/IMG_4995-300x200.jpg 300w, https:\/\/lechantdespierres.be\/wp-content\/uploads\/2017\/10\/IMG_4995-768x512.jpg 768w, https:\/\/lechantdespierres.be\/wp-content\/uploads\/2017\/10\/IMG_4995-1024x683.jpg 1024w, https:\/\/lechantdespierres.be\/wp-content\/uploads\/2017\/10\/IMG_4995-700x467.jpg 700w, https:\/\/lechantdespierres.be\/wp-content\/uploads\/2017\/10\/IMG_4995-520x347.jpg 520w, https:\/\/lechantdespierres.be\/wp-content\/uploads\/2017\/10\/IMG_4995-360x240.jpg 360w, https:\/\/lechantdespierres.be\/wp-content\/uploads\/2017\/10\/IMG_4995-250x167.jpg 250w, https:\/\/lechantdespierres.be\/wp-content\/uploads\/2017\/10\/IMG_4995-100x67.jpg 100w\" sizes=\"(max-width: 4752px) 100vw, 4752px\" \/><\/p>\n","protected":false},"excerpt":{"rendered":"<p>Bienvenue au g\u00eete \u00ab\u00a0Le Chant des Pierres\u00a0\u00bb\u00a0\u00e0 Haltinne (Gesves) C\u2019est en plein c\u0153ur du Condroz que se situe notre G\u00eete de Charme, destin\u00e9 \u00e0 accueillir les groupes familiaux jusqu\u2019\u00e0\u00a018 personnes. Compl\u00e8tement restaur\u00e9e fin 2017, cette ravissante maison en pierres du [&hellip;]<\/p>\n","protected":false},"author":1,"featured_media":0,"parent":0,"menu_order":0,"comment_status":"closed","ping_status":"closed","template":"page-templates\/page_fullwidth.php","meta":[],"yoast_head":"<!-- This site is optimized with the Yoast SEO plugin v20.1 - https:\/\/yoast.com\/wordpress\/plugins\/seo\/ -->\n<title>&quot;Le Chant des Pierres&quot; \u00e0 Gesves - G\u00eete de 18 personnes<\/title>\n<meta name=\"description\" content=\"Bienvenue au g\u00eete &quot;Le Chant des Pierres&quot; en plein c\u0153ur du Condroz, une maison de charme restaur\u00e9e en 2017 et destin\u00e9e \u00e0 accueillir jusqu\u2019\u00e0\u00a018 personnes.\" \/>\n<meta name=\"robots\" content=\"index, follow, max-snippet:-1, max-image-preview:large, max-video-preview:-1\" \/>\n<link rel=\"canonical\" href=\"https:\/\/lechantdespierres.be\/\" \/>\n<meta property=\"og:locale\" content=\"fr_FR\" \/>\n<meta property=\"og:type\" content=\"article\" \/>\n<meta property=\"og:title\" content=\"&quot;Le Chant des Pierres&quot; \u00e0 Gesves - G\u00eete de 18 personnes\" \/>\n<meta property=\"og:description\" content=\"Bienvenue au g\u00eete &quot;Le Chant des Pierres&quot; en plein c\u0153ur du Condroz, une maison de charme restaur\u00e9e en 2017 et destin\u00e9e \u00e0 accueillir jusqu\u2019\u00e0\u00a018 personnes.\" \/>\n<meta property=\"og:url\" content=\"https:\/\/lechantdespierres.be\/\" \/>\n<meta property=\"og:site_name\" content=\"Le Chant des Pierres\" \/>\n<meta property=\"article:modified_time\" content=\"2018-04-15T11:53:39+00:00\" \/>\n<meta property=\"og:image\" content=\"http:\/\/lechantdespierres.be\/wp-content\/uploads\/2017\/10\/IMG_4995.jpg\" \/>\n<meta name=\"twitter:card\" content=\"summary_large_image\" \/>\n<script type=\"application\/ld+json\" class=\"yoast-schema-graph\">{\"@context\":\"https:\/\/schema.org\",\"@graph\":[{\"@type\":\"WebPage\",\"@id\":\"https:\/\/lechantdespierres.be\/\",\"url\":\"https:\/\/lechantdespierres.be\/\",\"name\":\"\\\"Le Chant des Pierres\\\" \u00e0 Gesves - G\u00eete de 18 personnes\",\"isPartOf\":{\"@id\":\"https:\/\/lechantdespierres.be\/#website\"},\"datePublished\":\"2017-10-01T17:13:43+00:00\",\"dateModified\":\"2018-04-15T11:53:39+00:00\",\"description\":\"Bienvenue au g\u00eete \\\"Le Chant des Pierres\\\" en plein c\u0153ur du Condroz, une maison de charme restaur\u00e9e en 2017 et destin\u00e9e \u00e0 accueillir jusqu\u2019\u00e0\u00a018 personnes.\",\"breadcrumb\":{\"@id\":\"https:\/\/lechantdespierres.be\/#breadcrumb\"},\"inLanguage\":\"fr-FR\",\"potentialAction\":[{\"@type\":\"ReadAction\",\"target\":[\"https:\/\/lechantdespierres.be\/\"]}]},{\"@type\":\"BreadcrumbList\",\"@id\":\"https:\/\/lechantdespierres.be\/#breadcrumb\",\"itemListElement\":[{\"@type\":\"ListItem\",\"position\":1,\"name\":\"Home\",\"item\":\"http:\/\/lechantdespierres.be\/\"},{\"@type\":\"ListItem\",\"position\":2,\"name\":\"Accueil\"}]},{\"@type\":\"WebSite\",\"@id\":\"https:\/\/lechantdespierres.be\/#website\",\"url\":\"https:\/\/lechantdespierres.be\/\",\"name\":\"Le Chant des Pierres\",\"description\":\"G\u00eete 18 pers.\",\"potentialAction\":[{\"@type\":\"SearchAction\",\"target\":{\"@type\":\"EntryPoint\",\"urlTemplate\":\"https:\/\/lechantdespierres.be\/?s={search_term_string}\"},\"query-input\":\"required name=search_term_string\"}],\"inLanguage\":\"fr-FR\"}]}<\/script>\n<!-- \/ Yoast SEO plugin. -->","yoast_head_json":{"title":"\"Le Chant des Pierres\" \u00e0 Gesves - G\u00eete de 18 personnes","description":"Bienvenue au g\u00eete \"Le Chant des Pierres\" en plein c\u0153ur du Condroz, une maison de charme restaur\u00e9e en 2017 et destin\u00e9e \u00e0 accueillir jusqu\u2019\u00e0\u00a018 personnes.","robots":{"index":"index","follow":"follow","max-snippet":"max-snippet:-1","max-image-preview":"max-image-preview:large","max-video-preview":"max-video-preview:-1"},"canonical":"https:\/\/lechantdespierres.be\/","og_locale":"fr_FR","og_type":"article","og_title":"\"Le Chant des Pierres\" \u00e0 Gesves - G\u00eete de 18 personnes","og_description":"Bienvenue au g\u00eete \"Le Chant des Pierres\" en plein c\u0153ur du Condroz, une maison de charme restaur\u00e9e en 2017 et destin\u00e9e \u00e0 accueillir jusqu\u2019\u00e0\u00a018 personnes.","og_url":"https:\/\/lechantdespierres.be\/","og_site_name":"Le Chant des Pierres","article_modified_time":"2018-04-15T11:53:39+00:00","og_image":[{"url":"http:\/\/lechantdespierres.be\/wp-content\/uploads\/2017\/10\/IMG_4995.jpg"}],"twitter_card":"summary_large_image","schema":{"@context":"https:\/\/schema.org","@graph":[{"@type":"WebPage","@id":"https:\/\/lechantdespierres.be\/","url":"https:\/\/lechantdespierres.be\/","name":"\"Le Chant des Pierres\" \u00e0 Gesves - G\u00eete de 18 personnes","isPartOf":{"@id":"https:\/\/lechantdespierres.be\/#website"},"datePublished":"2017-10-01T17:13:43+00:00","dateModified":"2018-04-15T11:53:39+00:00","description":"Bienvenue au g\u00eete \"Le Chant des Pierres\" en plein c\u0153ur du Condroz, une maison de charme restaur\u00e9e en 2017 et destin\u00e9e \u00e0 accueillir jusqu\u2019\u00e0\u00a018 personnes.","breadcrumb":{"@id":"https:\/\/lechantdespierres.be\/#breadcrumb"},"inLanguage":"fr-FR","potentialAction":[{"@type":"ReadAction","target":["https:\/\/lechantdespierres.be\/"]}]},{"@type":"BreadcrumbList","@id":"https:\/\/lechantdespierres.be\/#breadcrumb","itemListElement":[{"@type":"ListItem","position":1,"name":"Home","item":"http:\/\/lechantdespierres.be\/"},{"@type":"ListItem","position":2,"name":"Accueil"}]},{"@type":"WebSite","@id":"https:\/\/lechantdespierres.be\/#website","url":"https:\/\/lechantdespierres.be\/","name":"Le Chant des Pierres","description":"G\u00eete 18 pers.","potentialAction":[{"@type":"SearchAction","target":{"@type":"EntryPoint","urlTemplate":"https:\/\/lechantdespierres.be\/?s={search_term_string}"},"query-input":"required name=search_term_string"}],"inLanguage":"fr-FR"}]}},"_links":{"self":[{"href":"https:\/\/lechantdespierres.be\/index.php\/wp-json\/wp\/v2\/pages\/89"}],"collection":[{"href":"https:\/\/lechantdespierres.be\/index.php\/wp-json\/wp\/v2\/pages"}],"about":[{"href":"https:\/\/lechantdespierres.be\/index.php\/wp-json\/wp\/v2\/types\/page"}],"author":[{"embeddable":true,"href":"https:\/\/lechantdespierres.be\/index.php\/wp-json\/wp\/v2\/users\/1"}],"replies":[{"embeddable":true,"href":"https:\/\/lechantdespierres.be\/index.php\/wp-json\/wp\/v2\/comments?post=89"}],"version-history":[{"count":32,"href":"https:\/\/lechantdespierres.be\/index.php\/wp-json\/wp\/v2\/pages\/89\/revisions"}],"predecessor-version":[{"id":634,"href":"https:\/\/lechantdespierres.be\/index.php\/wp-json\/wp\/v2\/pages\/89\/revisions\/634"}],"wp:attachment":[{"href":"https:\/\/lechantdespierres.be\/index.php\/wp-json\/wp\/v2\/media?parent=89"}],"curies":[{"name":"wp","href":"https:\/\/api.w.org\/{rel}","templated":true}]}}